{"id":82,"date":"2025-07-29T13:38:49","date_gmt":"2025-07-29T13:38:49","guid":{"rendered":"https:\/\/yanexpo.websitesunum.com.tr\/?page_id=82"},"modified":"2025-10-19T13:20:18","modified_gmt":"2025-10-19T13:20:18","slug":"ulasim","status":"publish","type":"page","link":"http:\/\/nobelyanexpo.com\/ar\/ulasim\/","title":{"rendered":"Ula\u015f\u0131m"},"content":{"rendered":"<div class=\"wpb-content-wrapper\"><div class=\"vc_row wpb_row vc_row-fluid\"><div class=\"wpb_column vc_column_container vc_col-sm-12\"><div class=\"vc_column-inner\"><div class=\"wpb_wrapper\">\n\t\t<div id=\"wd-6888d4700a435\" class=\"wd-tabs wd-wpb wd-rs-6888d4700a435 tabs-design-simple\">\n\t\t\t<div class=\"wd-tabs-header text-center\">\n\t\t\t\t\n\t\t\t\t\n\t\t\t\t<div class=\"wd-nav-wrapper wd-nav-tabs-wrapper\">\n\t\t\t\t\t<ul class=\"wd-nav wd-nav-tabs wd-icon-pos-left wd-style-default font-primary wd-fontsize-m wd-font-weight-800\">\n\t\t\t\t\t\t\t\t\t\t\t\t\t\n\t\t\t\t\t\t\t<li>\n\t\t\t\t\t\t\t\t<a href=\"#\" class=\"wd-nav-link\">\n\t\t\t\t\t\t\t\t\t\t\t\t\t\t\t\t\t\t\t<span class=\"img-wrapper\"><i class=\"fa fa-solid fa-car-rear\"><\/i><\/span>\t\t\t\t\t\t\t\t\t\t\t\t\t\t\t\t\t\t<span class=\"nav-link-text wd-tabs-title\">\n\t\t\t\t\t\t\t\t\t\t\u00d6zel Ara\u00e7\t\t\t\t\t\t\t\t\t<\/span>\n\t\t\t\t\t\t\t\t<\/a>\n\t\t\t\t\t\t\t<\/li>\n\n\t\t\t\t\t\t\t\t\t\t\t\t\t\n\t\t\t\t\t\t\t<li>\n\t\t\t\t\t\t\t\t<a href=\"#\" class=\"wd-nav-link\">\n\t\t\t\t\t\t\t\t\t\t\t\t\t\t\t\t\t\t\t<span class=\"img-wrapper\"><i class=\"fa fa-solid fa-bus\"><\/i><\/span>\t\t\t\t\t\t\t\t\t\t\t\t\t\t\t\t\t\t<span class=\"nav-link-text wd-tabs-title\">\n\t\t\t\t\t\t\t\t\t\tToplu Ta\u015f\u0131ma\t\t\t\t\t\t\t\t\t<\/span>\n\t\t\t\t\t\t\t\t<\/a>\n\t\t\t\t\t\t\t<\/li>\n\n\t\t\t\t\t\t\t\t\t\t\t\t\t\n\t\t\t\t\t\t\t<li>\n\t\t\t\t\t\t\t\t<a href=\"#\" class=\"wd-nav-link\">\n\t\t\t\t\t\t\t\t\t\t\t\t\t\t\t\t\t\t\t<span class=\"img-wrapper\"><i class=\"fa fa-solid fa-plane-up\"><\/i><\/span>\t\t\t\t\t\t\t\t\t\t\t\t\t\t\t\t\t\t<span class=\"nav-link-text wd-tabs-title\">\n\t\t\t\t\t\t\t\t\t\tHavayolu\t\t\t\t\t\t\t\t\t<\/span>\n\t\t\t\t\t\t\t\t<\/a>\n\t\t\t\t\t\t\t<\/li>\n\n\t\t\t\t\t\t\t\t\t\t\t\t\t\n\t\t\t\t\t\t\t<li>\n\t\t\t\t\t\t\t\t<a href=\"#\" class=\"wd-nav-link\">\n\t\t\t\t\t\t\t\t\t\t\t\t\t\t\t\t\t\t\t<span class=\"img-wrapper\"><i class=\"fa fa-solid fa-train-subway\"><\/i><\/span>\t\t\t\t\t\t\t\t\t\t\t\t\t\t\t\t\t\t<span class=\"nav-link-text wd-tabs-title\">\n\t\t\t\t\t\t\t\t\t\tDemiryolu\t\t\t\t\t\t\t\t\t<\/span>\n\t\t\t\t\t\t\t\t<\/a>\n\t\t\t\t\t\t\t<\/li>\n\n\t\t\t\t\t\t\t\t\t\t\t\t\t\n\t\t\t\t\t\t\t<li>\n\t\t\t\t\t\t\t\t<a href=\"#\" class=\"wd-nav-link\">\n\t\t\t\t\t\t\t\t\t\t\t\t\t\t\t\t\t\t\t<span class=\"img-wrapper\"><i class=\"fa fa-solid fa-taxi\"><\/i><\/span>\t\t\t\t\t\t\t\t\t\t\t\t\t\t\t\t\t\t<span class=\"nav-link-text wd-tabs-title\">\n\t\t\t\t\t\t\t\t\t\tTaksi veya \u00d6zel Transfer\t\t\t\t\t\t\t\t\t<\/span>\n\t\t\t\t\t\t\t\t<\/a>\n\t\t\t\t\t\t\t<\/li>\n\n\t\t\t\t\t\t\n\t\t\t\t\t<\/ul>\n\t\t\t\t<\/div>\n\t\t\t<\/div>\n\n\t\t\t<div class=\"wd-tabs-content-wrapper\">\n\t\t\t\t\n\t\t<div class=\"wd-tab-content\">\n\t\t\t\t\t\t\t<div class=\"wd-entry-content\">\n\t\t\t\t\t\u2022 Fuar alan\u0131, Kayseri \u015fehir merkezine yakla\u015f\u0131k 20 dakikal\u0131k s\u00fcr\u00fc\u015f mesafesindedir<br \/>\n\u2022 \u015eehir merkezinden Organize Sanayi B\u00f6lgesi (OSB) y\u00f6n\u00fc takip edilerek ula\u015f\u0131m kolayl\u0131kla sa\u011flanabilir.<br \/>\n\u2022 Fuar alan\u0131nda \u00fccretsiz otopark bulunmaktad\u0131r.\t\t\t\t<\/div>\n\t\t\t\t\t<\/div>\n\n\t\t\n\t\t<div class=\"wd-tab-content\">\n\t\t\t\t\t\t\t<div class=\"wd-entry-content\">\n\t\t\t\t\t\u2022 Kayseri \u015fehir merkezinden fuar alan\u0131na otob\u00fcs ve dolmu\u015f seferleri mevcuttur.<br \/>\n\u2022 Otob\u00fcs Hatlar\u0131: 132, 135, 141 numaral\u0131 otob\u00fcsler OSB g\u00fczergah\u0131nda \u00e7al\u0131\u015fmaktad\u0131r.<br \/>\n\u2022 \u0130nilecek Durak: \u201c25. Cadde \/ Fuar Alan\u0131\u201d<br \/>\n\u2022 Sefer Saatleri:<br \/>\n<a href=\"http:\/\/www.kayseriulasim.com.tr\">\u2022 www.kayseriulasim.com.tr<\/a> adresinden g\u00fcncel saat bilgilerine ula\u015fabilirsiniz.\t\t\t\t<\/div>\n\t\t\t\t\t<\/div>\n\n\t\t\n\t\t<div class=\"wd-tab-content\">\n\t\t\t\t\t\t\t<div class=\"wd-entry-content\">\n\t\t\t\t\t\u2022 Kayseri Erkilet Havaliman\u0131 (ASR), fuar merkezine yakla\u015f\u0131k 30 dakika uzakl\u0131ktad\u0131r.<br \/>\n\u2022 Havaliman\u0131ndan taksi, ara\u00e7 kiralama veya \u00f6zel transfer ile ula\u015f\u0131m sa\u011flanabilir.<br \/>\n\u2022 Alternatif olarak, toplu ta\u015f\u0131ma ile \u015fehir merkezine ge\u00e7ip OSB y\u00f6n\u00fcne devam edebilirsiniz.\t\t\t\t<\/div>\n\t\t\t\t\t<\/div>\n\n\t\t\n\t\t<div class=\"wd-tab-content\">\n\t\t\t\t\t\t\t<div class=\"wd-entry-content\">\n\t\t\t\t\t\u2022 Kayseri Gar\u0131, \u015fehir merkezinde konumlanmaktad\u0131r.<br \/>\n\u2022 Tren gar\u0131ndan OSB y\u00f6n\u00fcne taksi veya otob\u00fcsle ula\u015fabilirsiniz.<br \/>\n\u2022 Ortalama ula\u015f\u0131m s\u00fcresi: 25\u201330 dakika\t\t\t\t<\/div>\n\t\t\t\t\t<\/div>\n\n\t\t\n\t\t<div class=\"wd-tab-content\">\n\t\t\t\t\t\t\t<div class=\"wd-entry-content\">\n\t\t\t\t\t\u2022 Kayseri \u015fehir merkezinden taksi ile ortalama \u00fccret: 250\u2013300 TL (Temmuz 2025 itibar\u0131yla)<br \/>\n\u2022 Havaliman\u0131 ve otellerden \u00f6zel transfer hizmeti talep edilebilir.\t\t\t\t<\/div>\n\t\t\t\t\t<\/div>\n\n\t\t\t\t\t<\/div>\n\t\t<\/div>\n\n\t\t<\/div><\/div><\/div><\/div><div class=\"vc_row wpb_row vc_row-fluid\"><div class=\"wpb_column vc_column_container vc_col-sm-12\"><div class=\"vc_column-inner\"><div class=\"wpb_wrapper\">\t\t\t<div class=\"info-box-wrapper\">\n\t\t\t\t<div id=\"wd-68a2d0baa9a04\" class=\"wd-rs-68a2d0baa9a04 wd-info-box wd-wpb text-left box-icon-align-left box-style- color-scheme- wd-bg-none wd-items-middle\">\n\t\t\t\t\t\t\t\t\t\t\t<div class=\"box-icon-wrapper  box-with-icon box-icon-simple\">\n\t\t\t\t\t\t\t<div class=\"info-box-icon\">\n\n\t\t\t\t\t\t\t\n\t\t\t\t\t\t\t\t\t\t\t\t\t\t\t\t\t<div class=\"info-svg-wrapper\" style=\"width: 40px;height: 40px;\"><img decoding=\"async\"  src=\"https:\/\/nobelyanexpo.com\/wp-content\/uploads\/2025\/08\/map-location-dot-solid.svg\" title=\"map-location-dot-solid\" loading=\"lazy\" width=\"40\" height=\"40\"><\/div>\t\t\t\t\t\t\t\t\t\t\t\t\t\t\t\n\t\t\t\t\t\t\t<\/div>\n\t\t\t\t\t\t<\/div>\n\t\t\t\t\t\t\t\t\t\t<div class=\"info-box-content\">\n\t\t\t\t\t\t<h4 class=\"info-box-title title box-title-style-default wd-fontsize-xl\">Kayseri OSB Uluslararas\u0131 Fuar Merkezi<\/h4>\t\t\t\t\t\t<div class=\"info-box-inner reset-last-child\"><\/div>\n\n\t\t\t\t\t\t\t\t\t\t\t<\/div>\n\n\t\t\t\t\t\n\t\t\t\t\t\t\t\t\t<\/div>\n\t\t\t<\/div>\n\t\t<\/div><\/div><\/div><\/div><div class=\"vc_row wpb_row vc_row-fluid\"><div class=\"wpb_column vc_column_container vc_col-sm-12\"><div class=\"vc_column-inner\"><div class=\"wpb_wrapper\">\n\t<div class=\"wpb_raw_code wpb_raw_html wpb_content_element\" >\n\t\t<div class=\"wpb_wrapper\">\n\t\t\t<iframe src=\"https:\/\/www.google.com\/maps\/embed?pb=!1m18!1m12!1m3!1d12452.278273208736!2d35.35795021968954!3d38.71621174071051!2m3!1f0!2f0!3f0!3m2!1i1024!2i768!4f13.1!3m3!1m2!1s0x152b0500a262dd3b%3A0xaea212e0fe32c582!2sKayseri%20organize%20sanayi%20b%C3%B6lgesi%20fuar%20ve%20kongre%20merkezi!5e0!3m2!1str!2str!4v1753796618818!5m2!1str!2str\" width=\"100%\" height=\"450\" style=\"border:0;\" allowfullscreen=\"\" loading=\"lazy\" referrerpolicy=\"no-referrer-when-downgrade\"><\/iframe>\n\t\t<\/div>\n\t<\/div>\n<\/div><\/div><\/div><\/div><div class=\"vc_row wpb_row vc_row-fluid\"><div class=\"wpb_column vc_column_container vc_col-sm-12\"><div class=\"vc_column-inner\"><div class=\"wpb_wrapper\">\n\t<div class=\"wpb_raw_code wpb_raw_html wpb_content_element\" >\n\t\t<div class=\"wpb_wrapper\">\n\t\t\t<a href=\"https:\/\/seninlinkin.com\/bilet\" class=\"online-bilet-btn\" target=\"_blank\">\r\n  \u0634\u0631\u0627\u0621 \u0627\u0644\u062a\u0630\u0643\u0631\u0629 \u0639\u0628\u0631 \u0627\u0644\u0625\u0646\u062a\u0631\u0646\u062a\r\n<\/a>\n\t\t<\/div>\n\t<\/div>\n<\/div><\/div><\/div><\/div>\n<\/div>","protected":false},"excerpt":{"rendered":"\u00d6zel Ara\u00e7 Toplu Ta\u015f\u0131ma Havayolu Demiryolu Taksi veya \u00d6zel Transfer \u2022 Fuar alan\u0131, Kayseri \u015fehir merkezine yakla\u015f\u0131k 20 dakikal\u0131k s\u00fcr\u00fc\u015f","protected":false},"author":1,"featured_media":0,"parent":0,"menu_order":0,"comment_status":"closed","ping_status":"closed","template":"","meta":{"footnotes":""},"class_list":["post-82","page","type-page","status-publish","hentry"],"_links":{"self":[{"href":"http:\/\/nobelyanexpo.com\/ar\/wp-json\/wp\/v2\/pages\/82","targetHints":{"allow":["GET"]}}],"collection":[{"href":"http:\/\/nobelyanexpo.com\/ar\/wp-json\/wp\/v2\/pages"}],"about":[{"href":"http:\/\/nobelyanexpo.com\/ar\/wp-json\/wp\/v2\/types\/page"}],"author":[{"embeddable":true,"href":"http:\/\/nobelyanexpo.com\/ar\/wp-json\/wp\/v2\/users\/1"}],"replies":[{"embeddable":true,"href":"http:\/\/nobelyanexpo.com\/ar\/wp-json\/wp\/v2\/comments?post=82"}],"version-history":[{"count":20,"href":"http:\/\/nobelyanexpo.com\/ar\/wp-json\/wp\/v2\/pages\/82\/revisions"}],"predecessor-version":[{"id":173,"href":"http:\/\/nobelyanexpo.com\/ar\/wp-json\/wp\/v2\/pages\/82\/revisions\/173"}],"wp:attachment":[{"href":"http:\/\/nobelyanexpo.com\/ar\/wp-json\/wp\/v2\/media?parent=82"}],"curies":[{"name":"wp","href":"https:\/\/api.w.org\/{rel}","templated":true}]}}