{"id":112,"date":"2025-07-31T08:18:46","date_gmt":"2025-07-31T08:18:46","guid":{"rendered":"https:\/\/yanexpo.websitesunum.com.tr\/?page_id=112"},"modified":"2025-10-19T13:23:56","modified_gmt":"2025-10-19T13:23:56","slug":"yardim","status":"publish","type":"page","link":"http:\/\/nobelyanexpo.com\/ar\/yardim\/","title":{"rendered":"Yard\u0131m"},"content":{"rendered":"<div class=\"wpb-content-wrapper\"><div id=\"soru\" class=\"vc_row wpb_row vc_row-fluid wd-rs-6877912fe5f3f\"><div class=\"wpb_column vc_column_container vc_col-sm-12\"><div class=\"vc_column-inner\"><div class=\"wpb_wrapper\">\n\t\t<div id=\"wd-688a0c0b28b24\" class=\"title-wrapper wd-wpb wd-set-mb reset-last-child  wd-animation-slide-from-right wd-animation-normal wd_delay_200 wd-rs-688a0c0b28b24 wd-title-color-default wd-title-style-default text-center  wd-underline-colored\">\n\t\t\t\n\t\t\t<div class=\"liner-continer\">\n\t\t\t\t<h2 class=\"woodmart-title-container title  wd-font-weight- wd-fontsize-xxxl\" >S.S.S. \u0644\u0644\u0645\u0634\u0627\u0631\u0643\u064a\u0646.<\/h2>\n\t\t\t\t\t\t\t<\/div>\n\t\t\t\n\t\t\t\n\t\t\t\n\t\t<\/div>\n\t\t\n\t\t\n\t\t<div id=\"wd-6877677af227b\" class=\"wd-accordion wd-wpb wd-animation-slide-from-right wd-animation-normal wd_delay_200 wd-rs-6877677af227b  wd-style-default wd-titles-left wd-opener-pos-left wd-opener-style-arrow\" data-state=\"all_closed\">\n\t\t\t\t\t\t\t\n\t\t\t\t\n\t\t\t\t<div class=\"wd-accordion-item\">\n\t\t\t\t\t<div class=\"wd-accordion-title font-primary wd-fontsize-l wd-font-weight-600\" data-accordion-index=\"0\">\n\t\t\t\t\t\t<div class=\"wd-accordion-title-text\">\n\t\t\t\t\t\t\t\t\t\t\t\t\t\t<span>\n\t\t\t\t\t\t\t\t\u0643\u064a\u0641 \u064a\u0645\u0643\u0646\u0646\u064a \u0627\u0644\u062a\u0642\u062f\u0645 \u0628\u0637\u0644\u0628 \u0644\u0644\u0645\u0634\u0627\u0631\u0643\u0629 \u0641\u064a \u0627\u0644\u0645\u0639\u0631\u0636\u061f\t\t\t\t\t\t\t<\/span>\n\t\t\t\t\t\t<\/div>\n\t\t\t\t\t\t<span class=\"wd-accordion-opener\"><\/span>\n\t\t\t\t\t<\/div>\n\n\t\t\t\t\t<div class=\"wd-accordion-content wd-entry-content wd-fontsize-m\" data-accordion-index=\"0\">\n\t\t\t\t\t\t\t\t\t\t\t\t\t<p>\u064a\u0645\u0643\u0646\u0643 \u0628\u062f\u0621 \u062a\u0642\u062f\u064a\u0645 \u0637\u0644\u0628\u0643 \u0639\u0646 \u0637\u0631\u064a\u0642 \u0645\u0644\u0621 \u201c\u0646\u0645\u0648\u0630\u062c \u0627\u0644\u0645\u0634\u0627\u0631\u0643\u201d \u0639\u0644\u0649 \u0645\u0648\u0642\u0639\u0646\u0627 \u0627\u0644\u0625\u0644\u0643\u062a\u0631\u0648\u0646\u064a. \u0633\u064a\u062a\u0645 \u0641\u062d\u0635 \u0645\u0639\u0644\u0648\u0645\u0627\u062a\u0643 \u0644\u0644\u062a\u0623\u0643\u062f \u0645\u0646 \u062f\u0642\u062a\u0647\u0627 \u0648\u0633\u064a\u0642\u0648\u0645 \u0645\u0646\u062f\u0648\u0628\u0648 \u0627\u0644\u0645\u0628\u064a\u0639\u0627\u062a \u0644\u062f\u064a\u0646\u0627 \u0628\u0627\u0644\u0631\u062f \u0639\u0644\u064a\u0643 \u0641\u064a \u0623\u0642\u0631\u0628 \u0648\u0642\u062a \u0645\u0645\u0643\u0646.<\/p>\n\t\t\t\t\t\t\t\t\t\t\t<\/div>\n\t\t\t\t<\/div>\n\t\t\t\t\t\t\t\n\t\t\t\t\n\t\t\t\t<div class=\"wd-accordion-item\">\n\t\t\t\t\t<div class=\"wd-accordion-title font-primary wd-fontsize-l wd-font-weight-600\" data-accordion-index=\"1\">\n\t\t\t\t\t\t<div class=\"wd-accordion-title-text\">\n\t\t\t\t\t\t\t\t\t\t\t\t\t\t<span>\n\t\t\t\t\t\t\t\t\u0645\u0627 \u0647\u064a \u0645\u062c\u0645\u0648\u0639\u0627\u062a \u0627\u0644\u0645\u0646\u062a\u062c\u0627\u062a \u0627\u0644\u062a\u064a \u064a\u0645\u0643\u0646 \u0639\u0631\u0636\u0647\u0627\u061f\t\t\t\t\t\t\t<\/span>\n\t\t\t\t\t\t<\/div>\n\t\t\t\t\t\t<span class=\"wd-accordion-opener\"><\/span>\n\t\t\t\t\t<\/div>\n\n\t\t\t\t\t<div class=\"wd-accordion-content wd-entry-content wd-fontsize-m\" data-accordion-index=\"1\">\n\t\t\t\t\t\t\t\t\t\t\t\t\t<p>\u062c\u0645\u064a\u0639 \u0645\u062c\u0645\u0648\u0639\u0627\u062a \u0627\u0644\u0645\u0646\u062a\u062c\u0627\u062a \u0645\u0641\u0635\u0644\u0629 \u0641\u064a \u0642\u0633\u0645 \u201c\u0645\u0644\u0641 \u0627\u0644\u0639\u0627\u0631\u0636\u064a\u0646\u201d. \u0644\u0644\u0645\u0634\u0627\u0631\u0643\u0629\u060c \u0645\u0646 \u0627\u0644\u0645\u0647\u0645 \u0623\u0646 \u064a\u0643\u0648\u0646 \u0645\u0646\u062a\u062c\u0643 \u0645\u0646\u0627\u0633\u0628\u0627\u064b \u0644\u0644\u0635\u0646\u0627\u0639\u0629 \u0627\u0644\u0641\u0631\u0639\u064a\u0629 \u0644\u0644\u0623\u062b\u0627\u062b.<\/p>\n\t\t\t\t\t\t\t\t\t\t\t<\/div>\n\t\t\t\t<\/div>\n\t\t\t\t\t\t\t\n\t\t\t\t\n\t\t\t\t<div class=\"wd-accordion-item\">\n\t\t\t\t\t<div class=\"wd-accordion-title font-primary wd-fontsize-l wd-font-weight-600\" data-accordion-index=\"2\">\n\t\t\t\t\t\t<div class=\"wd-accordion-title-text\">\n\t\t\t\t\t\t\t\t\t\t\t\t\t\t<span>\n\t\t\t\t\t\t\t\t\u0643\u064a\u0641 \u064a\u062a\u0645 \u062a\u062d\u062f\u064a\u062f \u0645\u0648\u0642\u0639 \u0627\u0644\u0645\u0646\u0635\u0629\u061f\t\t\t\t\t\t\t<\/span>\n\t\t\t\t\t\t<\/div>\n\t\t\t\t\t\t<span class=\"wd-accordion-opener\"><\/span>\n\t\t\t\t\t<\/div>\n\n\t\t\t\t\t<div class=\"wd-accordion-content wd-entry-content wd-fontsize-m\" data-accordion-index=\"2\">\n\t\t\t\t\t\t\t\t\t\t\t\t\t<p>\u064a\u062a\u0645 \u062a\u062d\u062f\u064a\u062f \u0645\u0648\u0627\u0642\u0639 \u0627\u0644\u0623\u062c\u0646\u062d\u0629 \u0645\u0639 \u0645\u0646\u062f\u0648\u0628 \u0627\u0644\u0645\u0628\u064a\u0639\u0627\u062a \u0627\u0644\u062e\u0627\u0635 \u0628\u0643 \u0648\u0641\u0642\u064b\u0627 \u0644\u062a\u0631\u062a\u064a\u0628 \u0627\u0644\u0637\u0644\u0628 \u0648\u0641\u0626\u0629 \u0627\u0644\u0645\u0646\u062a\u062c. \u064a\u062a\u0645 \u062a\u0642\u062f\u064a\u0645 \u0627\u0644\u0645\u0633\u0627\u062d\u0627\u062a \u0627\u0644\u0645\u0646\u0627\u0633\u0628\u0629 \u0645\u0633\u0628\u0642\u064b\u0627 \u0648\u0641\u0642\u064b\u0627 \u0644\u062e\u0637\u0629 \u0627\u0644\u062a\u0635\u0645\u064a\u0645.<\/p>\n\t\t\t\t\t\t\t\t\t\t\t<\/div>\n\t\t\t\t<\/div>\n\t\t\t\t\t\t\t\n\t\t\t\t\n\t\t\t\t<div class=\"wd-accordion-item\">\n\t\t\t\t\t<div class=\"wd-accordion-title font-primary wd-fontsize-l wd-font-weight-600\" data-accordion-index=\"3\">\n\t\t\t\t\t\t<div class=\"wd-accordion-title-text\">\n\t\t\t\t\t\t\t\t\t\t\t\t\t\t<span>\n\t\t\t\t\t\t\t\t\u0643\u064a\u0641 \u064a\u0645\u0643\u0646 \u0627\u0644\u062d\u0635\u0648\u0644 \u0639\u0644\u0649 \u0645\u062e\u0637\u0637 \u0627\u0644\u062a\u062e\u0637\u064a\u0637 \u0648\u0627\u0644\u0631\u0633\u0648\u0645\u0627\u062a \u0627\u0644\u0641\u0646\u064a\u0629\u061f\t\t\t\t\t\t\t<\/span>\n\t\t\t\t\t\t<\/div>\n\t\t\t\t\t\t<span class=\"wd-accordion-opener\"><\/span>\n\t\t\t\t\t<\/div>\n\n\t\t\t\t\t<div class=\"wd-accordion-content wd-entry-content wd-fontsize-m\" data-accordion-index=\"3\">\n\t\t\t\t\t\t\t\t\t\t\t\t\t<p>\u064a\u0645\u0643\u0646\u0643 \u0637\u0644\u0628 \u0627\u0644\u0645\u062e\u0637\u0637\u0627\u062a \u0648\u0627\u0644\u0645\u0633\u062a\u0646\u062f\u0627\u062a \u0627\u0644\u0641\u0646\u064a\u0629 \u0645\u0646 \u0642\u0633\u0645 \u062f\u0639\u0645 \u0645\u0627 \u0628\u0639\u062f \u0627\u0644\u0628\u064a\u0639.<\/p>\n\t\t\t\t\t\t\t\t\t\t\t<\/div>\n\t\t\t\t<\/div>\n\t\t\t\t\t\t\t\n\t\t\t\t\n\t\t\t\t<div class=\"wd-accordion-item\">\n\t\t\t\t\t<div class=\"wd-accordion-title font-primary wd-fontsize-l wd-font-weight-600\" data-accordion-index=\"4\">\n\t\t\t\t\t\t<div class=\"wd-accordion-title-text\">\n\t\t\t\t\t\t\t\t\t\t\t\t\t\t<span>\n\t\t\t\t\t\t\t\t\u0645\u0627 \u0647\u064a \u062a\u0648\u0627\u0631\u064a\u062e \u0648\u0623\u0648\u0642\u0627\u062a \u0627\u0644\u0645\u0639\u0631\u0636\u061f\t\t\t\t\t\t\t<\/span>\n\t\t\t\t\t\t<\/div>\n\t\t\t\t\t\t<span class=\"wd-accordion-opener\"><\/span>\n\t\t\t\t\t<\/div>\n\n\t\t\t\t\t<div class=\"wd-accordion-content wd-entry-content wd-fontsize-m\" data-accordion-index=\"4\">\n\t\t\t\t\t\t\t\t\t\t\t\t\t\n<ul>\n<li>8 \u0623\u0628\u0631\u064a\u0644 2026 - 8 \u0623\u0628\u0631\u064a\u0644 2026 - 10:00 - 18:00<\/li>\n<li>9 \u0623\u0628\u0631\u064a\u0644 2026 - 9 \u0623\u0628\u0631\u064a\u0644 2026 - 10:00 - 18:00<\/li>\n<li>10 \u0623\u0628\u0631\u064a\u0644 2026 - 10:00 - 18:00-10:00<\/li>\n<li>11 \u0623\u0628\u0631\u064a\u0644 2026 - 10:00 - 17:00-10:00<\/li>\n<\/ul>\n\t\t\t\t\t\t\t\t\t\t\t<\/div>\n\t\t\t\t<\/div>\n\t\t\t\t\t\t\t\n\t\t\t\t\n\t\t\t\t<div class=\"wd-accordion-item\">\n\t\t\t\t\t<div class=\"wd-accordion-title font-primary wd-fontsize-l wd-font-weight-600\" data-accordion-index=\"5\">\n\t\t\t\t\t\t<div class=\"wd-accordion-title-text\">\n\t\t\t\t\t\t\t\t\t\t\t\t\t\t<span>\n\t\t\t\t\t\t\t\t\u0645\u062a\u0649 \u062a\u0643\u0648\u0646 \u0623\u064a\u0627\u0645 \u0627\u0644\u062a\u0631\u0643\u064a\u0628 \u0648\u0627\u0644\u062a\u0641\u0643\u064a\u0643\u061f\t\t\t\t\t\t\t<\/span>\n\t\t\t\t\t\t<\/div>\n\t\t\t\t\t\t<span class=\"wd-accordion-opener\"><\/span>\n\t\t\t\t\t<\/div>\n\n\t\t\t\t\t<div class=\"wd-accordion-content wd-entry-content wd-fontsize-m\" data-accordion-index=\"5\">\n\t\t\t\t\t\t\t\t\t\t\t\t\t<p>\u0633\u064a\u062a\u0645 \u0625\u062e\u0637\u0627\u0631\u0643 \u0628\u0623\u064a\u0627\u0645 \u0625\u0639\u062f\u0627\u062f \u0627\u0644\u0645\u0646\u0635\u0629 \u0648\u062a\u0641\u0643\u064a\u0643\u0647\u0627 \u0645\u0639 \u062f\u0644\u064a\u0644 \u0627\u0644\u0645\u0634\u0627\u0631\u0643\u0629 \u0627\u0644\u0641\u0646\u064a\u0629.<\/p>\n\t\t\t\t\t\t\t\t\t\t\t<\/div>\n\t\t\t\t<\/div>\n\t\t\t\t\t\t\t\n\t\t\t\t\n\t\t\t\t<div class=\"wd-accordion-item\">\n\t\t\t\t\t<div class=\"wd-accordion-title font-primary wd-fontsize-l wd-font-weight-600\" data-accordion-index=\"6\">\n\t\t\t\t\t\t<div class=\"wd-accordion-title-text\">\n\t\t\t\t\t\t\t\t\t\t\t\t\t\t<span>\n\t\t\t\t\t\t\t\t\u0647\u0644 \u0633\u062a\u062a\u0627\u062d \u0644\u064a \u0641\u0631\u0635\u0629 \u0627\u0644\u0627\u062a\u0635\u0627\u0644 \u0628\u0645\u0635\u0646\u0639\u064a \u0627\u0644\u0623\u062b\u0627\u062b \u0645\u0628\u0627\u0634\u0631\u0629\u064b\u061f\t\t\t\t\t\t\t<\/span>\n\t\t\t\t\t\t<\/div>\n\t\t\t\t\t\t<span class=\"wd-accordion-opener\"><\/span>\n\t\t\t\t\t<\/div>\n\n\t\t\t\t\t<div class=\"wd-accordion-content wd-entry-content wd-fontsize-m\" data-accordion-index=\"6\">\n\t\t\t\t\t\t\t\t\t\t\t\t\t<p>\u0627\u0644\u0648\u0635\u0641. \u0641\u064a \u0647\u0630\u0627 \u0627\u0644\u0645\u0639\u0631\u0636\u060c \u062d\u064a\u062b \u064a\u0642\u0627\u0645 \u0623\u0643\u0628\u0631 \u0627\u0644\u0645\u0635\u0646\u0639\u064a\u0646 \u0641\u064a \u062a\u0631\u0643\u064a\u0627\u060c \u064a\u062a\u0645 \u0636\u0645\u0627\u0646 \u0627\u0644\u0627\u062a\u0635\u0627\u0644 \u0627\u0644\u0641\u0639\u0627\u0644 \u0645\u0646 \u062e\u0644\u0627\u0644 \u0627\u0644\u0645\u0628\u0627\u0631\u064a\u0627\u062a \u0627\u0644\u0641\u0631\u062f\u064a\u0629 \u0628\u064a\u0646 \u0627\u0644\u0634\u0631\u0643\u0627\u062a \u0648\u0628\u0631\u0646\u0627\u0645\u062c \u0648\u0641\u062f \u0627\u0644\u0645\u0634\u062a\u0631\u064a\u0646 \u0648\u0646\u0638\u0627\u0645 \u0625\u0631\u0634\u0627\u062f \u0627\u0644\u0632\u0648\u0627\u0631.<\/p>\n\t\t\t\t\t\t\t\t\t\t\t<\/div>\n\t\t\t\t<\/div>\n\t\t\t\t\t\t\t\n\t\t\t\t\n\t\t\t\t<div class=\"wd-accordion-item\">\n\t\t\t\t\t<div class=\"wd-accordion-title font-primary wd-fontsize-l wd-font-weight-600\" data-accordion-index=\"7\">\n\t\t\t\t\t\t<div class=\"wd-accordion-title-text\">\n\t\t\t\t\t\t\t\t\t\t\t\t\t\t<span>\n\t\t\t\t\t\t\t\t\u0647\u0644 \u062a\u0648\u062c\u062f \u062e\u062f\u0645\u0627\u062a \u0644\u0648\u062c\u0633\u062a\u064a\u0629 \u0648\u062e\u062f\u0645\u0627\u062a \u0646\u0642\u0644\u061f\t\t\t\t\t\t\t<\/span>\n\t\t\t\t\t\t<\/div>\n\t\t\t\t\t\t<span class=\"wd-accordion-opener\"><\/span>\n\t\t\t\t\t<\/div>\n\n\t\t\t\t\t<div class=\"wd-accordion-content wd-entry-content wd-fontsize-m\" data-accordion-index=\"7\">\n\t\t\t\t\t\t\t\t\t\t\t\t\t<p>\u0646\u0639\u0645\u060c \u064a\u062a\u0645 \u062a\u0648\u0641\u064a\u0631 \u0627\u0644\u062f\u0639\u0645 \u0645\u0646 \u0642\u0628\u0644 \u0634\u0631\u0643\u0627\u062a \u0627\u0644\u062e\u062f\u0645\u0627\u062a \u0627\u0644\u0644\u0648\u062c\u0633\u062a\u064a\u0629 \u0627\u0644\u0645\u062a\u0639\u0627\u0642\u062f\u0629 \u0645\u0639\u0646\u0627 \u0644\u062c\u0644\u0628 \u0645\u0646\u062a\u062c\u0627\u062a\u0643 \u0642\u0628\u0644 \u0627\u0644\u0645\u0639\u0631\u0636.<\/p>\n\t\t\t\t\t\t\t\t\t\t\t<\/div>\n\t\t\t\t<\/div>\n\t\t\t\t\t\t\t\n\t\t\t\t\n\t\t\t\t<div class=\"wd-accordion-item\">\n\t\t\t\t\t<div class=\"wd-accordion-title font-primary wd-fontsize-l wd-font-weight-600\" data-accordion-index=\"8\">\n\t\t\t\t\t\t<div class=\"wd-accordion-title-text\">\n\t\t\t\t\t\t\t\t\t\t\t\t\t\t<span>\n\t\t\t\t\t\t\t\t\u0643\u064a\u0641 \u064a\u0645\u0643\u0646\u0646\u064a \u0632\u064a\u0627\u062f\u0629 \u0627\u0644\u062a\u0631\u0648\u064a\u062c \u0644\u0645\u0646\u0635\u062a\u064a\u061f\t\t\t\t\t\t\t<\/span>\n\t\t\t\t\t\t<\/div>\n\t\t\t\t\t\t<span class=\"wd-accordion-opener\"><\/span>\n\t\t\t\t\t<\/div>\n\n\t\t\t\t\t<div class=\"wd-accordion-content wd-entry-content wd-fontsize-m\" data-accordion-index=\"8\">\n\t\t\t\t\t\t\t\t\t\t\t\t\t<p>\u064a\u0645\u0643\u0646\u0643 \u0627\u0644\u062d\u0635\u0648\u0644 \u0639\u0644\u0649 \u0628\u0627\u0642\u0629 \u0631\u0639\u0627\u064a\u0629 \u0625\u0639\u0644\u0627\u0645\u064a\u0629 \u0645\u0646 \u0641\u0631\u064a\u0642 \u0627\u0644\u062a\u0646\u0638\u064a\u0645 \u0644\u064a\u062a\u0645 \u062a\u0636\u0645\u064a\u0646\u0647\u0627 \u0641\u064a \u0627\u0644\u0643\u062a\u0627\u0644\u0648\u062c\u060c \u0648\u0627\u0644\u0639\u0631\u0648\u0636 \u0627\u0644\u062a\u0631\u0648\u064a\u062c\u064a\u0629 \u0639\u0644\u0649 \u0648\u0633\u0627\u0626\u0644 \u0627\u0644\u062a\u0648\u0627\u0635\u0644 \u0627\u0644\u0627\u062c\u062a\u0645\u0627\u0639\u064a\u060c \u0648\u0645\u0646\u0627\u0637\u0642 \u0627\u0644\u0631\u0639\u0627\u0629 \u0648\u0627\u0644\u0645\u0648\u0627\u062f \u0627\u0644\u0645\u0637\u0628\u0648\u0639\u0629.<\/p>\n\t\t\t\t\t\t\t\t\t\t\t<\/div>\n\t\t\t\t<\/div>\n\t\t\t\t\t\t\t\t\t\t\t\t\t\t<\/div>\n\n\t\t\n\t\t<div id=\"wd-688a0bee8a026\" class=\"title-wrapper wd-wpb wd-set-mb reset-last-child  wd-animation-slide-from-right wd-animation-normal wd_delay_200 wd-rs-688a0bee8a026 wd-title-color-default wd-title-style-default text-center  wd-underline-colored\">\n\t\t\t\n\t\t\t<div class=\"liner-continer\">\n\t\t\t\t<h2 class=\"woodmart-title-container title  wd-font-weight- wd-fontsize-xxxl\" >S.S.S. \u0644\u0644\u0632\u0648\u0627\u0631.<\/h2>\n\t\t\t\t\t\t\t<\/div>\n\t\t\t\n\t\t\t\n\t\t\t\n\t\t<\/div>\n\t\t\n\t\t\n\t\t<div id=\"wd-6877677af227b\" class=\"wd-accordion wd-wpb wd-animation-slide-from-right wd-animation-normal wd_delay_200 wd-rs-6877677af227b  wd-style-default wd-titles-left wd-opener-pos-left wd-opener-style-arrow\" data-state=\"all_closed\">\n\t\t\t\t\t\t\t\n\t\t\t\t\n\t\t\t\t<div class=\"wd-accordion-item\">\n\t\t\t\t\t<div class=\"wd-accordion-title font-primary wd-fontsize-l wd-font-weight-600\" data-accordion-index=\"0\">\n\t\t\t\t\t\t<div class=\"wd-accordion-title-text\">\n\t\t\t\t\t\t\t\t\t\t\t\t\t\t<span>\n\t\t\t\t\t\t\t\t\u0647\u0644 \u0647\u0646\u0627\u0643 \u0631\u0633\u0648\u0645 \u062f\u062e\u0648\u0644\u061f\t\t\t\t\t\t\t<\/span>\n\t\t\t\t\t\t<\/div>\n\t\t\t\t\t\t<span class=\"wd-accordion-opener\"><\/span>\n\t\t\t\t\t<\/div>\n\n\t\t\t\t\t<div class=\"wd-accordion-content wd-entry-content wd-fontsize-m\" data-accordion-index=\"0\">\n\t\t\t\t\t\t\t\t\t\t\t\t\t<p>\u0644\u0627\u060c \u0627\u0644\u062f\u062e\u0648\u0644 \u0645\u062c\u0627\u0646\u064a. \u0648\u0645\u0639 \u0630\u0644\u0643\u060c \u0641\u0647\u0648 \u0635\u0627\u0644\u062d \u0644\u0644\u0639\u0627\u0645\u0644\u064a\u0646 \u0641\u064a \u0647\u0630\u0627 \u0627\u0644\u0645\u062c\u0627\u0644 \u0648\u0627\u0644\u062a\u0633\u062c\u064a\u0644 \u0645\u0637\u0644\u0648\u0628.<\/p>\n\t\t\t\t\t\t\t\t\t\t\t<\/div>\n\t\t\t\t<\/div>\n\t\t\t\t\t\t\t\n\t\t\t\t\n\t\t\t\t<div class=\"wd-accordion-item\">\n\t\t\t\t\t<div class=\"wd-accordion-title font-primary wd-fontsize-l wd-font-weight-600\" data-accordion-index=\"1\">\n\t\t\t\t\t\t<div class=\"wd-accordion-title-text\">\n\t\t\t\t\t\t\t\t\t\t\t\t\t\t<span>\n\t\t\t\t\t\t\t\t\u0623\u064a\u0646 \u064a\u0645\u0643\u0646\u0646\u064a \u0627\u0644\u062a\u0633\u062c\u064a\u0644\u061f\t\t\t\t\t\t\t<\/span>\n\t\t\t\t\t\t<\/div>\n\t\t\t\t\t\t<span class=\"wd-accordion-opener\"><\/span>\n\t\t\t\t\t<\/div>\n\n\t\t\t\t\t<div class=\"wd-accordion-content wd-entry-content wd-fontsize-m\" data-accordion-index=\"1\">\n\t\t\t\t\t\t\t\t\t\t\t\t\t<p>\u064a\u0645\u0643\u0646\u0643 \u0627\u0644\u062a\u0633\u062c\u064a\u0644 \u0627\u0644\u0645\u0633\u0628\u0642 \u0639\u0644\u0649 \u0635\u0641\u062d\u0629 \u201c\u062a\u0633\u062c\u064a\u0644 \u0627\u0644\u0632\u0648\u0627\u0631\u201d \u0639\u0644\u0649 \u0627\u0644\u0645\u0648\u0642\u0639 \u0627\u0644\u0625\u0644\u0643\u062a\u0631\u0648\u0646\u064a \u0623\u0648 \u064a\u0645\u0643\u0646\u0643 \u0627\u0644\u062a\u0633\u062c\u064a\u0644 \u0639\u0646\u062f \u0645\u062f\u062e\u0644 \u0623\u0631\u0636 \u0627\u0644\u0645\u0639\u0627\u0631\u0636.<\/p>\n\t\t\t\t\t\t\t\t\t\t\t<\/div>\n\t\t\t\t<\/div>\n\t\t\t\t\t\t\t\n\t\t\t\t\n\t\t\t\t<div class=\"wd-accordion-item\">\n\t\t\t\t\t<div class=\"wd-accordion-title font-primary wd-fontsize-l wd-font-weight-600\" data-accordion-index=\"2\">\n\t\t\t\t\t\t<div class=\"wd-accordion-title-text\">\n\t\t\t\t\t\t\t\t\t\t\t\t\t\t<span>\n\t\t\t\t\t\t\t\t\u0643\u064a\u0641 \u064a\u0645\u0643\u0646\u0646\u064a \u0627\u0644\u0645\u0634\u0627\u0631\u0643\u0629 \u0641\u064a \u0628\u0631\u0646\u0627\u0645\u062c \u062a\u0641\u0648\u064a\u0636 \u0627\u0644\u0645\u0634\u062a\u0631\u064a\u0646\u061f\t\t\t\t\t\t\t<\/span>\n\t\t\t\t\t\t<\/div>\n\t\t\t\t\t\t<span class=\"wd-accordion-opener\"><\/span>\n\t\t\t\t\t<\/div>\n\n\t\t\t\t\t<div class=\"wd-accordion-content wd-entry-content wd-fontsize-m\" data-accordion-index=\"2\">\n\t\t\t\t\t\t\t\t\t\t\t\t\t<p>\u064a\u0645\u0643\u0646 \u0644\u0644\u0634\u0631\u0643\u0627\u062a \u0627\u0644\u0631\u0627\u063a\u0628\u0629 \u0641\u064a \u0627\u0644\u0627\u0646\u0636\u0645\u0627\u0645 \u0625\u0644\u0649 \u0628\u0631\u0646\u0627\u0645\u062c \u062a\u0641\u0648\u064a\u0636 \u0627\u0644\u0645\u0634\u062a\u0631\u064a\u0627\u062a \u062a\u0642\u062f\u064a\u0645 \u0637\u0644\u0628 \u0645\u0633\u0628\u0642 \u0639\u0628\u0631 \u0627\u0644\u0645\u0648\u0642\u0639 \u0627\u0644\u0625\u0644\u0643\u062a\u0631\u0648\u0646\u064a. \u064a\u062a\u0645 \u062a\u0648\u0641\u064a\u0631 \u062f\u0639\u0645 \u0627\u0644\u0646\u0642\u0644 \u0648\u0627\u0644\u0625\u0642\u0627\u0645\u0629 \u0644\u0644\u0637\u0644\u0628\u0627\u062a \u0627\u0644\u0645\u0648\u0627\u0641\u0642 \u0639\u0644\u064a\u0647\u0627.<\/p>\n\t\t\t\t\t\t\t\t\t\t\t<\/div>\n\t\t\t\t<\/div>\n\t\t\t\t\t\t\t\n\t\t\t\t\n\t\t\t\t<div class=\"wd-accordion-item\">\n\t\t\t\t\t<div class=\"wd-accordion-title font-primary wd-fontsize-l wd-font-weight-600\" data-accordion-index=\"3\">\n\t\t\t\t\t\t<div class=\"wd-accordion-title-text\">\n\t\t\t\t\t\t\t\t\t\t\t\t\t\t<span>\n\t\t\t\t\t\t\t\t\u0623\u064a\u0646 \u062a\u0642\u0639 \u0623\u0631\u0636 \u0627\u0644\u0645\u0639\u0627\u0631\u0636\u061f\t\t\t\t\t\t\t<\/span>\n\t\t\t\t\t\t<\/div>\n\t\t\t\t\t\t<span class=\"wd-accordion-opener\"><\/span>\n\t\t\t\t\t<\/div>\n\n\t\t\t\t\t<div class=\"wd-accordion-content wd-entry-content wd-fontsize-m\" data-accordion-index=\"3\">\n\t\t\t\t\t\t\t\t\t\t\t\t\t<p>\u0645\u0631\u0643\u0632 \u0645\u0639\u0631\u0636 \u0642\u064a\u0635\u0631\u064a OSB \u0627\u0644\u062f\u0648\u0644\u064a. \u064a\u0645\u0643\u0646 \u0627\u0644\u0627\u0637\u0644\u0627\u0639 \u0639\u0644\u0649 \u0645\u0639\u0644\u0648\u0645\u0627\u062a \u0627\u0644\u0645\u0648\u0627\u0635\u0644\u0627\u062a \u0648\u0627\u0644\u0625\u0642\u0627\u0645\u0629 \u0641\u064a \u0642\u0633\u0645 \u201c\u0627\u0644\u0645\u0648\u0627\u0635\u0644\u0627\u062a\u201d \u0641\u064a \u0627\u0644\u0645\u0648\u0642\u0639 \u0627\u0644\u0625\u0644\u0643\u062a\u0631\u0648\u0646\u064a.<\/p>\n\t\t\t\t\t\t\t\t\t\t\t<\/div>\n\t\t\t\t<\/div>\n\t\t\t\t\t\t\t\t\t\t\t\t\t\t<\/div>\n\n\t\t<\/div><\/div><\/div><\/div><div class=\"vc_row wpb_row vc_row-fluid\"><div class=\"wpb_column vc_column_container vc_col-sm-12\"><div class=\"vc_column-inner\"><div class=\"wpb_wrapper\">\n\t<div class=\"wpb_text_column wpb_content_element\" >\n\t\t<div class=\"wpb_wrapper\">\n\t\t\t<p><\/p>\n\n\t\t<\/div>\n\t<\/div>\n<\/div><\/div><\/div><\/div><div class=\"vc_row wpb_row vc_row-fluid\"><div class=\"wpb_column vc_column_container vc_col-sm-12\"><div class=\"vc_column-inner\"><div class=\"wpb_wrapper\">\n\t<div class=\"wpb_raw_code wpb_raw_html wpb_content_element\" >\n\t\t<div class=\"wpb_wrapper\">\n\t\t\t<a href=\"https:\/\/yanexpo.websitesunum.com.tr\/ziyaretci-olun\" class=\"online-bilet-btn\" target=\"_blank\">\r\n  \u0634\u0631\u0627\u0621 \u0627\u0644\u062a\u0630\u0643\u0631\u0629 \u0639\u0628\u0631 \u0627\u0644\u0625\u0646\u062a\u0631\u0646\u062a\r\n<\/a>\n\t\t<\/div>\n\t<\/div>\n<\/div><\/div><\/div><\/div>\n<\/div>","protected":false},"excerpt":{"rendered":"Kat\u0131l\u0131\u0131mc\u0131lar \u0130\u00e7in S.S.S. Fuar kat\u0131l\u0131m\u0131 i\u00e7in nas\u0131l ba\u015fvuru yapabilirim? Web sitemizdeki \u201cKat\u0131l\u0131mc\u0131 Formu\u201dnu doldurarak ba\u015fvurunuzu ba\u015flatabilirsiniz. Bilgileriniz do\u011frulu\u011fu kontrol edilerek","protected":false},"author":1,"featured_media":0,"parent":0,"menu_order":0,"comment_status":"closed","ping_status":"closed","template":"","meta":{"footnotes":""},"class_list":["post-112","page","type-page","status-publish","hentry"],"_links":{"self":[{"href":"http:\/\/nobelyanexpo.com\/ar\/wp-json\/wp\/v2\/pages\/112","targetHints":{"allow":["GET"]}}],"collection":[{"href":"http:\/\/nobelyanexpo.com\/ar\/wp-json\/wp\/v2\/pages"}],"about":[{"href":"http:\/\/nobelyanexpo.com\/ar\/wp-json\/wp\/v2\/types\/page"}],"author":[{"embeddable":true,"href":"http:\/\/nobelyanexpo.com\/ar\/wp-json\/wp\/v2\/users\/1"}],"replies":[{"embeddable":true,"href":"http:\/\/nobelyanexpo.com\/ar\/wp-json\/wp\/v2\/comments?post=112"}],"version-history":[{"count":8,"href":"http:\/\/nobelyanexpo.com\/ar\/wp-json\/wp\/v2\/pages\/112\/revisions"}],"predecessor-version":[{"id":202,"href":"http:\/\/nobelyanexpo.com\/ar\/wp-json\/wp\/v2\/pages\/112\/revisions\/202"}],"wp:attachment":[{"href":"http:\/\/nobelyanexpo.com\/ar\/wp-json\/wp\/v2\/media?parent=112"}],"curies":[{"name":"wp","href":"https:\/\/api.w.org\/{rel}","templated":true}]}}